{"id":1061,"date":"2024-10-14T14:35:18","date_gmt":"2024-10-14T14:35:18","guid":{"rendered":"https:\/\/www.padelspobresbcn.com\/?page_id=1061"},"modified":"2026-03-27T09:32:40","modified_gmt":"2026-03-27T09:32:40","slug":"sobrelafundacio","status":"publish","type":"page","link":"https:\/\/www.padelspobresbcn.com\/es\/sobrelafundacio\/","title":{"rendered":"Sobre la fundaci\u00f3"},"content":{"rendered":"<style type=\"text\/css\" data-created_by=\"avia_inline_auto\" id=\"style-css-av-4xn4l1-780dfb56d386a2599e2e6a249a048d0a\">\n.avia-section.av-4xn4l1-780dfb56d386a2599e2e6a249a048d0a{\nbackground-repeat:no-repeat;\nbackground-image:url(https:\/\/www.padelspobresbcn.com\/wp-content\/uploads\/2024\/09\/portada3-300x200.jpg);\nbackground-position:50% 0%;\nbackground-attachment:scroll;\n}\n.avia-section.av-4xn4l1-780dfb56d386a2599e2e6a249a048d0a .av-section-color-overlay{\nopacity:0.7;\nbackground-color:#000000;\n}\n<\/style>\n<div id='av_section_1'  class='avia-section av-4xn4l1-780dfb56d386a2599e2e6a249a048d0a alternate_color avia-section-huge avia-no-shadow  avia-builder-el-0  el_before_av_section  avia-builder-el-first  avia-full-stretch avia-bg-style-scroll av-section-color-overlay-active container_wrap sidebar_right'  data-section-bg-repeat='stretch'><div class=\"av-section-color-overlay-wrap\"><div class=\"av-section-color-overlay\"><\/div><div class='container av-section-cont-open' ><main  role=\"main\" itemprop=\"mainContentOfPage\"  class='template-page content  av-content-small alpha units'><div class='post-entry post-entry-type-page post-entry-1061'><div class='entry-content-wrapper clearfix'>\n<div class='flex_column_table av-1ao2pd1-093a7b35e33a5cae08c73724c5a6ebb9 sc-av_three_fourth av-equal-height-column-flextable'>\n<style type=\"text\/css\" data-created_by=\"avia_inline_auto\" id=\"style-css-av-1ao2pd1-093a7b35e33a5cae08c73724c5a6ebb9\">\n.flex_column.av-1ao2pd1-093a7b35e33a5cae08c73724c5a6ebb9{\nborder-radius:0px 0px 0px 0px;\npadding:0px 0px 0px 0px;\n}\n<\/style>\n<div  class='flex_column av-1ao2pd1-093a7b35e33a5cae08c73724c5a6ebb9 av_three_fourth  avia-builder-el-1  avia-builder-el-no-sibling  first flex_column_table_cell av-equal-height-column av-align-middle av-zero-column-padding'     ><style type=\"text\/css\" data-created_by=\"avia_inline_auto\" id=\"style-css-av-19j42xx-e07780a22517dadd9a21213f93ebee30\">\n#top .av-special-heading.av-19j42xx-e07780a22517dadd9a21213f93ebee30{\npadding-bottom:0;\ncolor:#ffffff;\nfont-size:70px;\n}\nbody .av-special-heading.av-19j42xx-e07780a22517dadd9a21213f93ebee30 .av-special-heading-tag .heading-char{\nfont-size:25px;\n}\n#top #wrap_all .av-special-heading.av-19j42xx-e07780a22517dadd9a21213f93ebee30 .av-special-heading-tag{\nfont-size:70px;\n}\n.av-special-heading.av-19j42xx-e07780a22517dadd9a21213f93ebee30 .special-heading-inner-border{\nborder-color:#ffffff;\n}\n.av-special-heading.av-19j42xx-e07780a22517dadd9a21213f93ebee30 .av-subheading{\nfont-size:15px;\n}\n\n@media only screen and (min-width: 480px) and (max-width: 767px){ \n#top #wrap_all .av-special-heading.av-19j42xx-e07780a22517dadd9a21213f93ebee30 .av-special-heading-tag{\nfont-size:0.8em;\n}\n}\n\n@media only screen and (max-width: 479px){ \n#top #wrap_all .av-special-heading.av-19j42xx-e07780a22517dadd9a21213f93ebee30 .av-special-heading-tag{\nfont-size:0.8em;\n}\n}\n<\/style>\n<div  class='av-special-heading av-19j42xx-e07780a22517dadd9a21213f93ebee30 av-special-heading-h1 custom-color-heading blockquote modern-quote  avia-builder-el-2  avia-builder-el-no-sibling  av-inherit-size'><h1 class='av-special-heading-tag'  itemprop=\"headline\"  >Sobre nosotros<\/h1><div class=\"special-heading-border\"><div class=\"special-heading-inner-border\"><\/div><\/div><\/div><\/div><\/div><!--close column table wrapper. Autoclose: 1 -->\n\n<\/div><\/div><\/main><!-- close content main element --><\/div><\/div><\/div><div id='av_section_2'  class='avia-section av-xlhoth-466976a68c878e6cd087f56a22fc855e main_color avia-section-large avia-no-border-styling  avia-builder-el-3  el_after_av_section  avia-builder-el-last  avia-bg-style-scroll container_wrap sidebar_right'  ><div class='container av-section-cont-open' ><div class='template-page content  av-content-small alpha units'><div class='post-entry post-entry-type-page post-entry-1061'><div class='entry-content-wrapper clearfix'>\n\n<style type=\"text\/css\" data-created_by=\"avia_inline_auto\" id=\"style-css-av-wtcj1x-c27e858a9fc63ef50301af8946b31f38\">\n.flex_column.av-wtcj1x-c27e858a9fc63ef50301af8946b31f38{\nborder-radius:0px 0px 0px 0px;\npadding:0px 0px 0px 0px;\n}\n<\/style>\n<div  class='flex_column av-wtcj1x-c27e858a9fc63ef50301af8946b31f38 av_one_full  avia-builder-el-4  el_before_av_hr  avia-builder-el-first  first flex_column_div av-zero-column-padding'     ><p><section  class='av_textblock_section av-m30shtfu-ddaadfb65e4333d787c9e44d297f789e'   itemscope=\"itemscope\" itemtype=\"https:\/\/schema.org\/CreativeWork\" ><div class='avia_textblock'  itemprop=\"text\" ><p>La <strong>FUNDACI\u00d3N PA DELS POBRES BARCELONA<\/strong>\u00a0 apoya a las personas en riesgo de exclusi\u00f3n social.<\/p>\n<p>Neix l&#8217;any 2023 de l&#8217;Obra Social Pa de Sant Antoni.<\/p>\n<\/div><\/section><br \/>\n<section  class='av_textblock_section av-m30ucc6b-a64e68b0fb6ed66e6314aaf7de5567f5'   itemscope=\"itemscope\" itemtype=\"https:\/\/schema.org\/CreativeWork\" ><div class='avia_textblock'  itemprop=\"text\" ><p>A la <strong>FUNDACI\u00d3N PA DELS POBRES BARCELONA <\/strong>Tenemos un objetivo claro: reintegrar a las personas con alto riesgo de exclusi\u00f3n social mediante el apoyo y la escucha, bas\u00e1ndonos en cuatro pilares: vivienda, alimentaci\u00f3n, formaci\u00f3n y trabajo.<\/p>\n<\/div><\/section><br \/>\n\n<style type=\"text\/css\" data-created_by=\"avia_inline_auto\" id=\"style-css-av-m30sb7yv-465ca15badf92772a7e8391d38c0b3e0\">\n.avia-image-container.av-m30sb7yv-465ca15badf92772a7e8391d38c0b3e0 img.avia_image{\nbox-shadow:none;\n}\n.avia-image-container.av-m30sb7yv-465ca15badf92772a7e8391d38c0b3e0 .av-image-caption-overlay-center{\ncolor:#ffffff;\n}\n<\/style>\n<div  class='avia-image-container av-m30sb7yv-465ca15badf92772a7e8391d38c0b3e0 av-styling- avia-align-center  avia-builder-el-7  el_after_av_textblock  el_before_av_textblock'   itemprop=\"image\" itemscope=\"itemscope\" itemtype=\"https:\/\/schema.org\/ImageObject\" ><div class=\"avia-image-container-inner\"><div class=\"avia-image-overlay-wrap\"><img decoding=\"async\" fetchpriority=\"high\" class='wp-image-1172 avia-img-lazy-loading-not-1172 avia_image' src=\"https:\/\/www.padelspobresbcn.com\/wp-content\/uploads\/2024\/11\/Captura-de-pantalla-2024-11-03-a-las-0.03.42-2-1030x391.png\" alt='' title='Captura de pantalla 2024-11-03 a las 0.03.42'  height=\"391\" width=\"1030\"  itemprop=\"thumbnailUrl\" srcset=\"https:\/\/www.padelspobresbcn.com\/wp-content\/uploads\/2024\/11\/Captura-de-pantalla-2024-11-03-a-las-0.03.42-2-1030x391.png 1030w, https:\/\/www.padelspobresbcn.com\/wp-content\/uploads\/2024\/11\/Captura-de-pantalla-2024-11-03-a-las-0.03.42-2-300x114.png 300w, https:\/\/www.padelspobresbcn.com\/wp-content\/uploads\/2024\/11\/Captura-de-pantalla-2024-11-03-a-las-0.03.42-2-768x292.png 768w, https:\/\/www.padelspobresbcn.com\/wp-content\/uploads\/2024\/11\/Captura-de-pantalla-2024-11-03-a-las-0.03.42-2-1536x584.png 1536w, https:\/\/www.padelspobresbcn.com\/wp-content\/uploads\/2024\/11\/Captura-de-pantalla-2024-11-03-a-las-0.03.42-2-2048x778.png 2048w, https:\/\/www.padelspobresbcn.com\/wp-content\/uploads\/2024\/11\/Captura-de-pantalla-2024-11-03-a-las-0.03.42-2-1500x570.png 1500w, https:\/\/www.padelspobresbcn.com\/wp-content\/uploads\/2024\/11\/Captura-de-pantalla-2024-11-03-a-las-0.03.42-2-705x268.png 705w, https:\/\/www.padelspobresbcn.com\/wp-content\/uploads\/2024\/11\/Captura-de-pantalla-2024-11-03-a-las-0.03.42-2-845x321.png 845w\" sizes=\"(max-width: 1030px) 100vw, 1030px\" \/><\/div><\/div><\/div><br \/>\n<section  class='av_textblock_section av-t1zudx-70e367eadeb91c354345e1a5a2e46d72'   itemscope=\"itemscope\" itemtype=\"https:\/\/schema.org\/CreativeWork\" ><div class='avia_textblock'  itemprop=\"text\" ><p style=\"text-align: center;\">La <strong>FUNDACI\u00d3N PA DELS POBRES BARCELONA<\/strong>\u00a0est\u00e0 formada per un equip de persones volunt\u00e0ries compromeses amb un \u00fanic prop\u00f2sit: oferir segones oportunitats a les persones i treballar per una societat m\u00e9s justa, igualit\u00e0ria i solid\u00e0ria, sempre guiats pels nostres valors.<\/p>\n<p style=\"text-align: center;\">En 2024, hemos logrado resultados impresionantes. \u00bfQuieres formar parte de nuestro \u00e9xito?<\/p>\n<\/div><\/section><br \/>\n<div  class='hr av-3jmac5-9c0e91d229b85c4a5260a3a52707e6e2 hr-default  avia-builder-el-9  el_after_av_textblock  el_before_av_image'><span class='hr-inner'><span class=\"hr-inner-style\"><\/span><\/span><\/div><br \/>\n\n<style type=\"text\/css\" data-created_by=\"avia_inline_auto\" id=\"style-css-av-m30sa3mp-c60db330d75573d51f2d630bd42e4de2\">\n.avia-image-container.av-m30sa3mp-c60db330d75573d51f2d630bd42e4de2 img.avia_image{\nbox-shadow:none;\n}\n.avia-image-container.av-m30sa3mp-c60db330d75573d51f2d630bd42e4de2 .av-image-caption-overlay-center{\ncolor:#ffffff;\n}\n<\/style>\n<div  class='avia-image-container av-m30sa3mp-c60db330d75573d51f2d630bd42e4de2 av-styling- avia-align-center  avia-builder-el-10  el_after_av_hr  avia-builder-el-last'   itemprop=\"image\" itemscope=\"itemscope\" itemtype=\"https:\/\/schema.org\/ImageObject\" ><div class=\"avia-image-container-inner\"><div class=\"avia-image-overlay-wrap\"><img decoding=\"async\" fetchpriority=\"high\" class='wp-image-1171 avia-img-lazy-loading-not-1171 avia_image' src=\"https:\/\/www.padelspobresbcn.com\/wp-content\/uploads\/2024\/11\/Captura-de-pantalla-2024-11-03-a-las-0.04.21-2-1030x413.png\" alt='' title='Captura de pantalla 2024-11-03 a las 0.04.21'  height=\"413\" width=\"1030\"  itemprop=\"thumbnailUrl\" srcset=\"https:\/\/www.padelspobresbcn.com\/wp-content\/uploads\/2024\/11\/Captura-de-pantalla-2024-11-03-a-las-0.04.21-2-1030x413.png 1030w, https:\/\/www.padelspobresbcn.com\/wp-content\/uploads\/2024\/11\/Captura-de-pantalla-2024-11-03-a-las-0.04.21-2-300x120.png 300w, https:\/\/www.padelspobresbcn.com\/wp-content\/uploads\/2024\/11\/Captura-de-pantalla-2024-11-03-a-las-0.04.21-2-768x308.png 768w, https:\/\/www.padelspobresbcn.com\/wp-content\/uploads\/2024\/11\/Captura-de-pantalla-2024-11-03-a-las-0.04.21-2-1536x616.png 1536w, https:\/\/www.padelspobresbcn.com\/wp-content\/uploads\/2024\/11\/Captura-de-pantalla-2024-11-03-a-las-0.04.21-2-2048x821.png 2048w, https:\/\/www.padelspobresbcn.com\/wp-content\/uploads\/2024\/11\/Captura-de-pantalla-2024-11-03-a-las-0.04.21-2-1500x601.png 1500w, https:\/\/www.padelspobresbcn.com\/wp-content\/uploads\/2024\/11\/Captura-de-pantalla-2024-11-03-a-las-0.04.21-2-705x283.png 705w\" sizes=\"(max-width: 1030px) 100vw, 1030px\" \/><\/div><\/div><\/div><\/p><\/div><div  class='hr av-29terp-57530f14143c8addc26fd9879ea91243 hr-default  avia-builder-el-11  el_after_av_one_full  el_before_av_image'><span class='hr-inner'><span class=\"hr-inner-style\"><\/span><\/span><\/div>\n\n<style type=\"text\/css\" data-created_by=\"avia_inline_auto\" id=\"style-css-av-m30vh445-118d47850fe6886af3ff117241c3aa46\">\n.avia-image-container.av-m30vh445-118d47850fe6886af3ff117241c3aa46 img.avia_image{\nbox-shadow:none;\n}\n.avia-image-container.av-m30vh445-118d47850fe6886af3ff117241c3aa46 .av-image-caption-overlay-center{\ncolor:#ffffff;\n}\n<\/style>\n<div  class='avia-image-container av-m30vh445-118d47850fe6886af3ff117241c3aa46 av-styling- avia-align-center  avia-builder-el-12  el_after_av_hr  avia-builder-el-last'   itemprop=\"image\" itemscope=\"itemscope\" itemtype=\"https:\/\/schema.org\/ImageObject\" ><div class=\"avia-image-container-inner\"><div class=\"avia-image-overlay-wrap\"><img decoding=\"async\" fetchpriority=\"high\" class='wp-image-1152 avia-img-lazy-loading-not-1152 avia_image' src=\"https:\/\/www.padelspobresbcn.com\/wp-content\/uploads\/2024\/11\/VOLUNTARIOS2-1500x430.png\" alt='' title='VOLUNTARIOS2'  height=\"430\" width=\"1500\"  itemprop=\"thumbnailUrl\" srcset=\"https:\/\/www.padelspobresbcn.com\/wp-content\/uploads\/2024\/11\/VOLUNTARIOS2-1500x430.png 1500w, https:\/\/www.padelspobresbcn.com\/wp-content\/uploads\/2024\/11\/VOLUNTARIOS2-300x86.png 300w, https:\/\/www.padelspobresbcn.com\/wp-content\/uploads\/2024\/11\/VOLUNTARIOS2-1030x295.png 1030w, https:\/\/www.padelspobresbcn.com\/wp-content\/uploads\/2024\/11\/VOLUNTARIOS2-768x220.png 768w, https:\/\/www.padelspobresbcn.com\/wp-content\/uploads\/2024\/11\/VOLUNTARIOS2-1536x440.png 1536w, https:\/\/www.padelspobresbcn.com\/wp-content\/uploads\/2024\/11\/VOLUNTARIOS2-705x202.png 705w, https:\/\/www.padelspobresbcn.com\/wp-content\/uploads\/2024\/11\/VOLUNTARIOS2.png 1934w\" sizes=\"(max-width: 1500px) 100vw, 1500px\" \/><\/div><\/div><\/div>\n<\/div><\/div><\/div><!-- close content main div --><\/div><\/div><div id='after_section_2'  class='main_color av_default_container_wrap container_wrap sidebar_right'  ><div class='container av-section-cont-open' ><div class='template-page content  av-content-small alpha units'><div class='post-entry post-entry-type-page post-entry-1061'><div class='entry-content-wrapper clearfix'>","protected":false},"excerpt":{"rendered":"","protected":false},"author":1,"featured_media":0,"parent":0,"menu_order":5,"comment_status":"closed","ping_status":"closed","template":"","meta":{"footnotes":""},"class_list":["post-1061","page","type-page","status-publish","hentry"],"aioseo_notices":[],"yoast_head":"<!-- This site is optimized with the Yoast SEO plugin v27.3 - https:\/\/yoast.com\/product\/yoast-seo-wordpress\/ -->\n<title>Sobre la fundaci\u00f3 - Fundaci\u00f3n Pa dels Pobres Barcelona<\/title>\n<meta name=\"robots\" content=\"index, follow, max-snippet:-1, max-image-preview:large, max-video-preview:-1\" \/>\n<link rel=\"canonical\" href=\"https:\/\/www.padelspobresbcn.com\/es\/sobrelafundacio\/\" \/>\n<meta property=\"og:locale\" content=\"es_ES\" \/>\n<meta property=\"og:type\" content=\"article\" \/>\n<meta property=\"og:title\" content=\"Sobre la fundaci\u00f3 - Fundaci\u00f3n Pa dels Pobres Barcelona\" \/>\n<meta property=\"og:url\" content=\"https:\/\/www.padelspobresbcn.com\/es\/sobrelafundacio\/\" \/>\n<meta property=\"og:site_name\" content=\"Fundaci\u00f3n Pa dels Pobres Barcelona\" \/>\n<meta property=\"article:modified_time\" content=\"2026-03-27T09:32:40+00:00\" \/>\n<meta name=\"twitter:card\" content=\"summary_large_image\" \/>\n<meta name=\"twitter:label1\" content=\"Tiempo de lectura\" \/>\n\t<meta name=\"twitter:data1\" content=\"2 minutos\" \/>\n<script type=\"application\/ld+json\" class=\"yoast-schema-graph\">{\"@context\":\"https:\\\/\\\/schema.org\",\"@graph\":[{\"@type\":\"WebPage\",\"@id\":\"https:\\\/\\\/www.padelspobresbcn.com\\\/sobrelafundacio\\\/\",\"url\":\"https:\\\/\\\/www.padelspobresbcn.com\\\/sobrelafundacio\\\/\",\"name\":\"Sobre la fundaci\u00f3 - Fundaci\u00f3n Pa dels Pobres Barcelona\",\"isPartOf\":{\"@id\":\"https:\\\/\\\/www.padelspobresbcn.com\\\/#website\"},\"datePublished\":\"2024-10-14T14:35:18+00:00\",\"dateModified\":\"2026-03-27T09:32:40+00:00\",\"breadcrumb\":{\"@id\":\"https:\\\/\\\/www.padelspobresbcn.com\\\/sobrelafundacio\\\/#breadcrumb\"},\"inLanguage\":\"es\",\"potentialAction\":[{\"@type\":\"ReadAction\",\"target\":[\"https:\\\/\\\/www.padelspobresbcn.com\\\/sobrelafundacio\\\/\"]}]},{\"@type\":\"BreadcrumbList\",\"@id\":\"https:\\\/\\\/www.padelspobresbcn.com\\\/sobrelafundacio\\\/#breadcrumb\",\"itemListElement\":[{\"@type\":\"ListItem\",\"position\":1,\"name\":\"Portada\",\"item\":\"https:\\\/\\\/www.padelspobresbcn.com\\\/\"},{\"@type\":\"ListItem\",\"position\":2,\"name\":\"Sobre la fundaci\u00f3\"}]},{\"@type\":\"WebSite\",\"@id\":\"https:\\\/\\\/www.padelspobresbcn.com\\\/#website\",\"url\":\"https:\\\/\\\/www.padelspobresbcn.com\\\/\",\"name\":\"Fundaci\u00f3n Pa dels Pobres Barcelona\",\"description\":\"padelspobresbcn.com\",\"potentialAction\":[{\"@type\":\"SearchAction\",\"target\":{\"@type\":\"EntryPoint\",\"urlTemplate\":\"https:\\\/\\\/www.padelspobresbcn.com\\\/?s={search_term_string}\"},\"query-input\":{\"@type\":\"PropertyValueSpecification\",\"valueRequired\":true,\"valueName\":\"search_term_string\"}}],\"inLanguage\":\"es\"}]}<\/script>\n<!-- \/ Yoast SEO plugin. -->","yoast_head_json":{"title":"Sobre la fundaci\u00f3 - Fundaci\u00f3n Pa dels Pobres Barcelona","robots":{"index":"index","follow":"follow","max-snippet":"max-snippet:-1","max-image-preview":"max-image-preview:large","max-video-preview":"max-video-preview:-1"},"canonical":"https:\/\/www.padelspobresbcn.com\/es\/sobrelafundacio\/","og_locale":"es_ES","og_type":"article","og_title":"Sobre la fundaci\u00f3 - Fundaci\u00f3n Pa dels Pobres Barcelona","og_url":"https:\/\/www.padelspobresbcn.com\/es\/sobrelafundacio\/","og_site_name":"Fundaci\u00f3n Pa dels Pobres Barcelona","article_modified_time":"2026-03-27T09:32:40+00:00","twitter_card":"summary_large_image","twitter_misc":{"Tiempo de lectura":"2 minutos"},"schema":{"@context":"https:\/\/schema.org","@graph":[{"@type":"WebPage","@id":"https:\/\/www.padelspobresbcn.com\/sobrelafundacio\/","url":"https:\/\/www.padelspobresbcn.com\/sobrelafundacio\/","name":"Sobre la fundaci\u00f3 - Fundaci\u00f3n Pa dels Pobres Barcelona","isPartOf":{"@id":"https:\/\/www.padelspobresbcn.com\/#website"},"datePublished":"2024-10-14T14:35:18+00:00","dateModified":"2026-03-27T09:32:40+00:00","breadcrumb":{"@id":"https:\/\/www.padelspobresbcn.com\/sobrelafundacio\/#breadcrumb"},"inLanguage":"es","potentialAction":[{"@type":"ReadAction","target":["https:\/\/www.padelspobresbcn.com\/sobrelafundacio\/"]}]},{"@type":"BreadcrumbList","@id":"https:\/\/www.padelspobresbcn.com\/sobrelafundacio\/#breadcrumb","itemListElement":[{"@type":"ListItem","position":1,"name":"Portada","item":"https:\/\/www.padelspobresbcn.com\/"},{"@type":"ListItem","position":2,"name":"Sobre la fundaci\u00f3"}]},{"@type":"WebSite","@id":"https:\/\/www.padelspobresbcn.com\/#website","url":"https:\/\/www.padelspobresbcn.com\/","name":"Fundaci\u00f3n Pa dels Pobres Barcelona","description":"padelspobresbcn.com","potentialAction":[{"@type":"SearchAction","target":{"@type":"EntryPoint","urlTemplate":"https:\/\/www.padelspobresbcn.com\/?s={search_term_string}"},"query-input":{"@type":"PropertyValueSpecification","valueRequired":true,"valueName":"search_term_string"}}],"inLanguage":"es"}]}},"_links":{"self":[{"href":"https:\/\/www.padelspobresbcn.com\/es\/wp-json\/wp\/v2\/pages\/1061","targetHints":{"allow":["GET"]}}],"collection":[{"href":"https:\/\/www.padelspobresbcn.com\/es\/wp-json\/wp\/v2\/pages"}],"about":[{"href":"https:\/\/www.padelspobresbcn.com\/es\/wp-json\/wp\/v2\/types\/page"}],"author":[{"embeddable":true,"href":"https:\/\/www.padelspobresbcn.com\/es\/wp-json\/wp\/v2\/users\/1"}],"replies":[{"embeddable":true,"href":"https:\/\/www.padelspobresbcn.com\/es\/wp-json\/wp\/v2\/comments?post=1061"}],"version-history":[{"count":3,"href":"https:\/\/www.padelspobresbcn.com\/es\/wp-json\/wp\/v2\/pages\/1061\/revisions"}],"predecessor-version":[{"id":2015,"href":"https:\/\/www.padelspobresbcn.com\/es\/wp-json\/wp\/v2\/pages\/1061\/revisions\/2015"}],"wp:attachment":[{"href":"https:\/\/www.padelspobresbcn.com\/es\/wp-json\/wp\/v2\/media?parent=1061"}],"curies":[{"name":"wp","href":"https:\/\/api.w.org\/{rel}","templated":true}]}}