{"id":1372,"date":"2025-02-03T08:30:44","date_gmt":"2025-02-03T08:30:44","guid":{"rendered":"https:\/\/www.padelspobresbcn.com\/?page_id=1372"},"modified":"2025-09-29T17:14:42","modified_gmt":"2025-09-29T17:14:42","slug":"politica-de-cookies","status":"publish","type":"page","link":"https:\/\/www.padelspobresbcn.com\/es\/politica-de-cookies\/","title":{"rendered":"POL\u00cdTICA DE COOKIES"},"content":{"rendered":"<div  class='flex_column av-1xwbh8-2d51917ea11261fbf177bf8831dfeee5 av_one_full  avia-builder-el-0  avia-builder-el-no-sibling  first flex_column_div'     ><section  class='av_textblock_section av-m6osjn28-511feb7202dc3d96748827ea9ecc7dfa'   itemscope=\"itemscope\" itemtype=\"https:\/\/schema.org\/CreativeWork\" ><div class='avia_textblock'  itemprop=\"text\" ><h1>POL\u00cdTICA DE COOKIES<\/h1>\n<p>Aquesta pol\u00edtica de galetes es va actualitzar per \u00faltima vegada el 11 de desembre de 2023 i s\u2019aplica a ciutadans i residents legals permanents de l\u2019Espai Econ\u00f2mic Europeu i Su\u00efssa.<\/p>\n<h2>1. Introducci\u00f3<\/h2>\n<p>El nostre lloc web, <a href=\"https:\/\/www.padelspobresbcn.com\/es\/\">https:\/\/www.padelspobresbcn.com\/<\/a> (d\u2019ara endavant \u201cel lloc web\u201d) utilitza galetes i altres tecnologies relacionades (per comoditat, totes les tecnologies es denominen \u201cgaletes\u201d). Les galetes tamb\u00e9 s\u00f3n col\u00b7locades per tercers que hem contractat. En el document seg\u00fcent us informem sobre l\u2019\u00fas de les galetes al nostre lloc web.<\/p>\n<h2>2. Qu\u00e8 s\u00f3n les galetes?<\/h2>\n<p>Una galeta \u00e9s un fitxer petit i senzill que s\u2019envia juntament amb p\u00e0gines d\u2019aquest lloc web i que el vostre navegador emmagatzema al disc dur de l\u2019ordinador o un altre dispositiu. La informaci\u00f3 emmagatzemada en ell es pot tornar als nostres servidors o als servidors dels tercers corresponents durant una visita posterior.<\/p>\n<h2>3. Qu\u00e8 s\u00f3n els scripts?<\/h2>\n<p>Un script \u00e9s una pe\u00e7a de codi de programari que s\u2019utilitza per a que el nostre web funcioni correctament i interactivament. Aquest codi s\u2019executa al nostre servidor o al vostre dispositiu.<\/p>\n<h2>4. Qu\u00e8 \u00e9s una balisa web?<\/h2>\n<p>Una balisa web (o una etiqueta de p\u00edxel) \u00e9s una petita i invisible pe\u00e7a de text o imatge en un lloc web que s\u2019utilitza per controlar el tr\u00e0nsit d\u2019un lloc web. Per fer-ho, s\u2019emmagatzemen diverses dades utilitzant balises web.<\/p>\n<h2>5. Galetes<\/h2>\n<p>\u2022 5.1 Galetes t\u00e8cniques o funcionals<br \/>\nAlgunes galetes asseguren que certes parts del lloc web funcionen correctament i que les prefer\u00e8ncies dels usuaris segueixin sent conegudes. Utilitzant galetes funcionals, us facilitem que visiteu el nostre lloc web. D\u2019aquesta manera, no cal que introdu\u00efu repetidament la mateixa informaci\u00f3 quan visiteu el nostre lloc web i, per exemple, els elements romanen al carret\u00f3 de la compra fins que h\u00e0giu pagat.<br \/>\nPodem posar aquestes galetes sense el vostre consentiment.<\/p>\n<p>\u2022 5.2 Cookies d&#8217;estad\u00edstica<br \/>\nUtilitzem cookies anal\u00edtiques per optimitzar l\u2019experi\u00e8ncia del lloc web per als nostres usuaris. Amb aquestes cookies anal\u00edtiques obtenim informaci\u00f3 sobre l\u2019\u00fas del nostre lloc web. Us demanem perm\u00eds per col\u00b7locar cookies d\u2019estad\u00edstiques.<\/p>\n<p>\u2022 5.3 Cookies de m\u00e0rqueting\/seguiment<br \/>\nLes galetes de m\u00e0rqueting\/seguiment s\u00f3n galetes o qualsevol altra forma d\u2019emmagatzematge local que s\u2019utilitzen per crear perfils d\u2019usuari per mostrar publicitat o per fer un seguiment de l\u2019usuari en aquest lloc web o en diversos llocs web amb finalitats de m\u00e0rqueting similars.<\/p>\n<p>\u2022 5.4 Mitjans socials<br \/>\nAl nostre lloc web, hem incl\u00f2s contingut per promocionar p\u00e0gines web (per exemple, \u201cm\u2019agrada\u201d, \u201cpin\u201d) o compartir (per exemple, \u201ctuitejar\u201d) a les xarxes socials. Aquest contingut est\u00e0 incrustat amb codi derivat de tercers i col\u00b7loca cookies. Aquest contingut pot emmagatzemar i processar certa informaci\u00f3 per a publicitat personalitzada. Llegiu, si us plau, la pol\u00edtica de privacitat d\u2019aquestes xarxes socials (que poden canviar regularment) per entendre qu\u00e8 fan amb les vostres dades personals processades utilitzant aquestes cookies. Les dades recuperades s\u00f3n anonimitzades el m\u00e0xim possible.<\/p>\n<h2>6. Galetes col\u00b7locades<\/h2>\n<p>Elementor<br \/>\nEstad\u00edstiques (an\u00f2nim)<br \/>\nConsent to service elementor<br \/>\nGoogle reCAPTCHA<br \/>\nFuncional, M\u00e0rqueting\/Seguiment<br \/>\nConsent to service google-recaptcha<br \/>\nWordPress<br \/>\nFuncional<br \/>\nConsent to service wordpress<br \/>\nCerber Security &amp; Anti-Spam<br \/>\nFuncional<br \/>\nConsent to service cerber-security-&amp;-anti-spam<br \/>\nGoogle Analytics<br \/>\nEstad\u00edstiques<br \/>\nConsent to service google-analytics<br \/>\nGoogle Fonts<br \/>\nM\u00e0rqueting\/Seguiment<br \/>\nConsent to service google-fonts<br \/>\nDiversos<br \/>\nFinalitat pendent d\u2019investigaci\u00f3<br \/>\nConsent to service diversos<\/p>\n<h2>7. Consentiment<\/h2>\n<p>Quan visiteu el nostre lloc web per primera vegada, us mostrarem un missatge emergent amb una explicaci\u00f3 sobre les cookies. Tan bon punt com feu clic a \u201cDesa les pefer\u00e8ncies\u201d, ens consentiu a utilitzar les categories de cookies i extensions que heu seleccionat al missatge emergent, tal i com es descriu en aquesta Pol\u00edtica de cookies. Podeu desactivar l\u2019\u00fas de cookies a trav\u00e9s del vostre navegador, per\u00f2 tingueu en compte que pot ser que el nostre lloc web ja no funcioni correctament.<\/p>\n<p>\u2022 7.1 Gestioneu la vostra configuraci\u00f3 de consentiment FuncionalSempre actiuEstad\u00edstiquesEstad\u00edstiquesM\u00e0rquetingM\u00e0rqueting<\/p>\n<h2>8. Activaci\u00f3 \/ desactivaci\u00f3 i eliminaci\u00f3 de galetes<\/h2>\n<p>Podeu utilitzar el navegador per a esborrar les cookies autom\u00e0ticament o manualment. A m\u00e9s, podeu especificar que determinades cookies no siguin col\u00b7locades. Una altra opci\u00f3 \u00e9s canviar les prefer\u00e8ncies del vostre navegador per a rebre un missatge cada cop que una cookie \u00e9s col\u00b7locada. Per a m\u00e9s informaci\u00f3, podeu consultar les instruccions a l\u2019Ajuda del vostre navegador.<br \/>\nTingueu en compte que el nostre lloc web pot no funcionar correctament si totes les galetes estan desactivades. Si suprimiu les galetes del navegador, se\u2019n crearan de noves despr\u00e9s del vostre consentiment quan torneu a visitar els nostres llocs web.<\/p>\n<h2>9. Els vostres drets respecte de les dades personals<\/h2>\n<p>Teniu els drets seg\u00fcents respecte a les vostres dades personals:<br \/>\n\u2022 Teniu dret a saber per qu\u00e8 es necessiten les vostres dades personals, qu\u00e8 hi passar\u00e0 i quant de temps es conservaran.<br \/>\n\u2022 Dret d\u2019acc\u00e9s: teniu dret a accedir a les vostres dades personals que ens s\u00f3n conegudes.<br \/>\n\u2022 Dret de rectificaci\u00f3: teniu dret a completar, corregir, suprimir o bloquejar les vostres dades personals sempre que ho desitgeu.<br \/>\n\u2022 Si ens doneu el consentiment per processar les seves dades, teniu el dret de revocar aquest consentiment i de suprimir les vostres dades personals.<br \/>\n\u2022 Dret de transferir les vostres dades: teniu el dret de sol\u00b7licitar totes les dades personals del controlador i transferir-les en la seva totalitat a un<br \/>\naltre controlador.<br \/>\n\u2022 Dret a l\u2019oposici\u00f3: podeu oposar-vos al processament de les vostres dades. Complim amb aix\u00f2, tret que hi hagi motius justificats per al<br \/>\nprocessament.<br \/>\nPer exercir aquests drets, poseu-vos en contacte amb nosaltres. Consulteu les dades de contacte a la part inferior d\u2019aquesta Pol\u00edtica de cookies. Si teniu una queixa sobre com gestionem les vostres dades, ens agradaria escoltar-vos, per\u00f2 tamb\u00e9 teniu el dret de presentar una reclamaci\u00f3 a l\u2019autoritat de supervisi\u00f3 (l\u2019Ag\u00e8ncia de Protecci\u00f3 de Dades).<\/p>\n<h2>10. Detalls de contacte<\/h2>\n<p>Per a preguntes i\/o comentaris sobre la nostra Pol\u00edtica de galetes i aquesta declaraci\u00f3, poseu-vos en contacte amb nosaltres mitjan\u00e7ant les seg\u00fcents dades de contacte:<\/p>\n<p style=\"text-align: left;\"><strong>FUNDACI\u00d3N PA DEL POBRES BARCELONA<\/strong><br \/>\nCalaf 16 \u2013 08021 Barcelona<br \/>\nMob. 672 646 771<br \/>\nadmin@padelspobresbcn.com<\/p>\n<\/div><\/section><\/div>","protected":false},"excerpt":{"rendered":"","protected":false},"author":1,"featured_media":0,"parent":0,"menu_order":510,"comment_status":"closed","ping_status":"closed","template":"","meta":{"footnotes":""},"class_list":["post-1372","page","type-page","status-publish","hentry"],"aioseo_notices":[],"yoast_head":"<!-- This site is optimized with the Yoast SEO plugin v27.3 - https:\/\/yoast.com\/product\/yoast-seo-wordpress\/ -->\n<title>POL\u00cdTICA DE COOKIES - Fundaci\u00f3n Pa dels Pobres Barcelona<\/title>\n<meta name=\"robots\" content=\"index, follow, max-snippet:-1, max-image-preview:large, max-video-preview:-1\" \/>\n<link rel=\"canonical\" href=\"https:\/\/www.padelspobresbcn.com\/es\/politica-de-cookies\/\" \/>\n<meta property=\"og:locale\" content=\"es_ES\" \/>\n<meta property=\"og:type\" content=\"article\" \/>\n<meta property=\"og:title\" content=\"POL\u00cdTICA DE COOKIES - Fundaci\u00f3n Pa dels Pobres Barcelona\" \/>\n<meta property=\"og:url\" content=\"https:\/\/www.padelspobresbcn.com\/es\/politica-de-cookies\/\" \/>\n<meta property=\"og:site_name\" content=\"Fundaci\u00f3n Pa dels Pobres Barcelona\" \/>\n<meta property=\"article:modified_time\" content=\"2025-09-29T17:14:42+00:00\" \/>\n<meta name=\"twitter:card\" content=\"summary_large_image\" \/>\n<meta name=\"twitter:label1\" content=\"Tiempo de lectura\" \/>\n\t<meta name=\"twitter:data1\" content=\"5 minutos\" \/>\n<script type=\"application\/ld+json\" class=\"yoast-schema-graph\">{\"@context\":\"https:\\\/\\\/schema.org\",\"@graph\":[{\"@type\":\"WebPage\",\"@id\":\"https:\\\/\\\/www.padelspobresbcn.com\\\/politica-de-cookies\\\/\",\"url\":\"https:\\\/\\\/www.padelspobresbcn.com\\\/politica-de-cookies\\\/\",\"name\":\"POL\u00cdTICA DE COOKIES - Fundaci\u00f3n Pa dels Pobres Barcelona\",\"isPartOf\":{\"@id\":\"https:\\\/\\\/www.padelspobresbcn.com\\\/#website\"},\"datePublished\":\"2025-02-03T08:30:44+00:00\",\"dateModified\":\"2025-09-29T17:14:42+00:00\",\"breadcrumb\":{\"@id\":\"https:\\\/\\\/www.padelspobresbcn.com\\\/politica-de-cookies\\\/#breadcrumb\"},\"inLanguage\":\"es\",\"potentialAction\":[{\"@type\":\"ReadAction\",\"target\":[\"https:\\\/\\\/www.padelspobresbcn.com\\\/politica-de-cookies\\\/\"]}]},{\"@type\":\"BreadcrumbList\",\"@id\":\"https:\\\/\\\/www.padelspobresbcn.com\\\/politica-de-cookies\\\/#breadcrumb\",\"itemListElement\":[{\"@type\":\"ListItem\",\"position\":1,\"name\":\"Portada\",\"item\":\"https:\\\/\\\/www.padelspobresbcn.com\\\/\"},{\"@type\":\"ListItem\",\"position\":2,\"name\":\"POL\u00cdTICA DE COOKIES\"}]},{\"@type\":\"WebSite\",\"@id\":\"https:\\\/\\\/www.padelspobresbcn.com\\\/#website\",\"url\":\"https:\\\/\\\/www.padelspobresbcn.com\\\/\",\"name\":\"Fundaci\u00f3n Pa dels Pobres Barcelona\",\"description\":\"padelspobresbcn.com\",\"potentialAction\":[{\"@type\":\"SearchAction\",\"target\":{\"@type\":\"EntryPoint\",\"urlTemplate\":\"https:\\\/\\\/www.padelspobresbcn.com\\\/?s={search_term_string}\"},\"query-input\":{\"@type\":\"PropertyValueSpecification\",\"valueRequired\":true,\"valueName\":\"search_term_string\"}}],\"inLanguage\":\"es\"}]}<\/script>\n<!-- \/ Yoast SEO plugin. -->","yoast_head_json":{"title":"POL\u00cdTICA DE COOKIES - Fundaci\u00f3n Pa dels Pobres Barcelona","robots":{"index":"index","follow":"follow","max-snippet":"max-snippet:-1","max-image-preview":"max-image-preview:large","max-video-preview":"max-video-preview:-1"},"canonical":"https:\/\/www.padelspobresbcn.com\/es\/politica-de-cookies\/","og_locale":"es_ES","og_type":"article","og_title":"POL\u00cdTICA DE COOKIES - Fundaci\u00f3n Pa dels Pobres Barcelona","og_url":"https:\/\/www.padelspobresbcn.com\/es\/politica-de-cookies\/","og_site_name":"Fundaci\u00f3n Pa dels Pobres Barcelona","article_modified_time":"2025-09-29T17:14:42+00:00","twitter_card":"summary_large_image","twitter_misc":{"Tiempo de lectura":"5 minutos"},"schema":{"@context":"https:\/\/schema.org","@graph":[{"@type":"WebPage","@id":"https:\/\/www.padelspobresbcn.com\/politica-de-cookies\/","url":"https:\/\/www.padelspobresbcn.com\/politica-de-cookies\/","name":"POL\u00cdTICA DE COOKIES - Fundaci\u00f3n Pa dels Pobres Barcelona","isPartOf":{"@id":"https:\/\/www.padelspobresbcn.com\/#website"},"datePublished":"2025-02-03T08:30:44+00:00","dateModified":"2025-09-29T17:14:42+00:00","breadcrumb":{"@id":"https:\/\/www.padelspobresbcn.com\/politica-de-cookies\/#breadcrumb"},"inLanguage":"es","potentialAction":[{"@type":"ReadAction","target":["https:\/\/www.padelspobresbcn.com\/politica-de-cookies\/"]}]},{"@type":"BreadcrumbList","@id":"https:\/\/www.padelspobresbcn.com\/politica-de-cookies\/#breadcrumb","itemListElement":[{"@type":"ListItem","position":1,"name":"Portada","item":"https:\/\/www.padelspobresbcn.com\/"},{"@type":"ListItem","position":2,"name":"POL\u00cdTICA DE COOKIES"}]},{"@type":"WebSite","@id":"https:\/\/www.padelspobresbcn.com\/#website","url":"https:\/\/www.padelspobresbcn.com\/","name":"Fundaci\u00f3n Pa dels Pobres Barcelona","description":"padelspobresbcn.com","potentialAction":[{"@type":"SearchAction","target":{"@type":"EntryPoint","urlTemplate":"https:\/\/www.padelspobresbcn.com\/?s={search_term_string}"},"query-input":{"@type":"PropertyValueSpecification","valueRequired":true,"valueName":"search_term_string"}}],"inLanguage":"es"}]}},"_links":{"self":[{"href":"https:\/\/www.padelspobresbcn.com\/es\/wp-json\/wp\/v2\/pages\/1372","targetHints":{"allow":["GET"]}}],"collection":[{"href":"https:\/\/www.padelspobresbcn.com\/es\/wp-json\/wp\/v2\/pages"}],"about":[{"href":"https:\/\/www.padelspobresbcn.com\/es\/wp-json\/wp\/v2\/types\/page"}],"author":[{"embeddable":true,"href":"https:\/\/www.padelspobresbcn.com\/es\/wp-json\/wp\/v2\/users\/1"}],"replies":[{"embeddable":true,"href":"https:\/\/www.padelspobresbcn.com\/es\/wp-json\/wp\/v2\/comments?post=1372"}],"version-history":[{"count":1,"href":"https:\/\/www.padelspobresbcn.com\/es\/wp-json\/wp\/v2\/pages\/1372\/revisions"}],"predecessor-version":[{"id":1473,"href":"https:\/\/www.padelspobresbcn.com\/es\/wp-json\/wp\/v2\/pages\/1372\/revisions\/1473"}],"wp:attachment":[{"href":"https:\/\/www.padelspobresbcn.com\/es\/wp-json\/wp\/v2\/media?parent=1372"}],"curies":[{"name":"wp","href":"https:\/\/api.w.org\/{rel}","templated":true}]}}