{"id":927,"date":"2024-09-24T15:35:09","date_gmt":"2024-09-24T15:35:09","guid":{"rendered":"https:\/\/www.padelspobresbcn.com\/?page_id=927"},"modified":"2025-12-02T10:41:11","modified_gmt":"2025-12-02T10:41:11","slug":"contacta","status":"publish","type":"page","link":"https:\/\/www.padelspobresbcn.com\/es\/contacta\/","title":{"rendered":"Contacto"},"content":{"rendered":"<div  class='flex_column av-10fo7-4a9ef89b484e124db1df1421183a230c av_one_full  avia-builder-el-0  el_before_av_layout_row  avia-builder-el-no-sibling  first flex_column_div'     ><style type=\"text\/css\" data-created_by=\"avia_inline_auto\" id=\"style-css-av-m30wkvpp-58d0ce2199e55cc81a81f7b427edd3e0\">\n.avia-image-container.av-m30wkvpp-58d0ce2199e55cc81a81f7b427edd3e0 img.avia_image{\nbox-shadow:none;\n}\n.avia-image-container.av-m30wkvpp-58d0ce2199e55cc81a81f7b427edd3e0 .av-image-caption-overlay-center{\ncolor:#ffffff;\n}\n<\/style>\n<div  class='avia-image-container av-m30wkvpp-58d0ce2199e55cc81a81f7b427edd3e0 av-styling- avia-align-center  avia-builder-el-1  avia-builder-el-no-sibling'   itemprop=\"image\" itemscope=\"itemscope\" itemtype=\"https:\/\/schema.org\/ImageObject\" ><div class=\"avia-image-container-inner\"><div class=\"avia-image-overlay-wrap\"><img decoding=\"async\" fetchpriority=\"high\" class='wp-image-1223 avia-img-lazy-loading-not-1223 avia_image' src=\"https:\/\/www.padelspobresbcn.com\/wp-content\/uploads\/2024\/11\/VOLUNTARIOS5.png\" alt='' title='VOLUNTARIOS5'  height=\"554\" width=\"1934\"  itemprop=\"thumbnailUrl\" srcset=\"https:\/\/www.padelspobresbcn.com\/wp-content\/uploads\/2024\/11\/VOLUNTARIOS5.png 1934w, https:\/\/www.padelspobresbcn.com\/wp-content\/uploads\/2024\/11\/VOLUNTARIOS5-300x86.png 300w, https:\/\/www.padelspobresbcn.com\/wp-content\/uploads\/2024\/11\/VOLUNTARIOS5-1030x295.png 1030w, https:\/\/www.padelspobresbcn.com\/wp-content\/uploads\/2024\/11\/VOLUNTARIOS5-768x220.png 768w, https:\/\/www.padelspobresbcn.com\/wp-content\/uploads\/2024\/11\/VOLUNTARIOS5-1536x440.png 1536w, https:\/\/www.padelspobresbcn.com\/wp-content\/uploads\/2024\/11\/VOLUNTARIOS5-1500x430.png 1500w, https:\/\/www.padelspobresbcn.com\/wp-content\/uploads\/2024\/11\/VOLUNTARIOS5-705x202.png 705w\" sizes=\"(max-width: 1934px) 100vw, 1934px\" \/><\/div><\/div><\/div><\/div>\n<\/div><\/div><\/div><!-- close content main div --><\/div><\/div><div id='av-layout-grid-1'  class='av-layout-grid-container av-naznb-30fef6fec8573ba897126735ef8fcd85 entry-content-wrapper main_color av-flex-cells  avia-builder-el-2  el_after_av_one_full  el_before_av_contact  grid-row-not-first  container_wrap sidebar_right'  >\n<div class='flex_cell av-ctkgf-6492c9cc0bd3fb142ffa3f4ef327ed2b av-gridrow-cell av_one_half no_margin  avia-builder-el-3  el_before_av_cell_one_half  avia-builder-el-first'  ><div class='flex_cell_inner'>\n<style type=\"text\/css\" data-created_by=\"avia_inline_auto\" id=\"style-css-av-m1gyah07-fab22f64e9ba070eb66f076ad6f1b3b1\">\n.avia-image-container.av-m1gyah07-fab22f64e9ba070eb66f076ad6f1b3b1 img.avia_image{\nbox-shadow:none;\n}\n.avia-image-container.av-m1gyah07-fab22f64e9ba070eb66f076ad6f1b3b1 .av-image-caption-overlay-center{\ncolor:#ffffff;\n}\n<\/style>\n<div  class='avia-image-container av-m1gyah07-fab22f64e9ba070eb66f076ad6f1b3b1 av-styling- avia-align-right  avia-builder-el-4  avia-builder-el-no-sibling'   itemprop=\"image\" itemscope=\"itemscope\" itemtype=\"https:\/\/schema.org\/ImageObject\" ><div class=\"avia-image-container-inner\"><div class=\"avia-image-overlay-wrap\"><img decoding=\"async\" fetchpriority=\"high\" class='wp-image-898 avia-img-lazy-loading-not-898 avia_image' src=\"https:\/\/www.padelspobresbcn.com\/wp-content\/uploads\/2024\/09\/cropped-LOGOWEB-180x180.jpg\" alt='' title='cropped-LOGOWEB.jpg'  height=\"180\" width=\"180\"  itemprop=\"thumbnailUrl\" srcset=\"https:\/\/www.padelspobresbcn.com\/wp-content\/uploads\/2024\/09\/cropped-LOGOWEB-180x180.jpg 180w, https:\/\/www.padelspobresbcn.com\/wp-content\/uploads\/2024\/09\/cropped-LOGOWEB-300x300.jpg 300w, https:\/\/www.padelspobresbcn.com\/wp-content\/uploads\/2024\/09\/cropped-LOGOWEB-80x80.jpg 80w, https:\/\/www.padelspobresbcn.com\/wp-content\/uploads\/2024\/09\/cropped-LOGOWEB-36x36.jpg 36w, https:\/\/www.padelspobresbcn.com\/wp-content\/uploads\/2024\/09\/cropped-LOGOWEB-270x270.jpg 270w, https:\/\/www.padelspobresbcn.com\/wp-content\/uploads\/2024\/09\/cropped-LOGOWEB-192x192.jpg 192w, https:\/\/www.padelspobresbcn.com\/wp-content\/uploads\/2024\/09\/cropped-LOGOWEB-32x32.jpg 32w, https:\/\/www.padelspobresbcn.com\/wp-content\/uploads\/2024\/09\/cropped-LOGOWEB.jpg 512w\" sizes=\"(max-width: 180px) 100vw, 180px\" \/><\/div><\/div><\/div>\n<\/div><\/div><div class='flex_cell av-bmefz-1b561f699d8918f1de4a2709cdfdadcb av-gridrow-cell av_one_half no_margin  avia-builder-el-5  el_after_av_cell_one_half  avia-builder-el-last'  ><div class='flex_cell_inner'><section  class='av_textblock_section av-m1gyci0p-6f77622e9eb5fb624742e508b66867d5'   itemscope=\"itemscope\" itemtype=\"https:\/\/schema.org\/CreativeWork\" ><div class='avia_textblock'  itemprop=\"text\" ><p class=\"p1\"><b>Fundaci\u00f3n Pa dels Pobres Barcelona<\/b><br \/>\nMob. 628 822 640<br \/>\nCalaf 16 &#8211; 08021 Barcelona<br \/>\n<a href=\"mailto:admin@padelspobresbcn.com\">admin@padelspobresbcn.com<\/a><br \/>\n<b><br \/>\n<\/b>N\u00famero de registro fundaciones: <span class=\"s1\"><b>3.403<br \/>\n<\/b><\/span><span class=\"s1\"><b>CIF: G56247554<\/b><\/span><\/p>\n<\/div><\/section>\n<\/div><\/div><\/div><div id='after_grid_row_1'  class='main_color av_default_container_wrap container_wrap sidebar_right'  ><div class='container av-section-cont-open' ><div class='template-page content  av-content-small alpha units'><div class='post-entry post-entry-type-page post-entry-927'><div class='entry-content-wrapper clearfix'><form action=\"https:\/\/www.padelspobresbcn.com\/es\/contacta\/\" method=\"post\" data-fields-with-error=\"Found errors in the following field(s):\" class=\"avia_ajax_form av-form-labels-visible   avia-builder-el-7  el_after_av_layout_row  el_before_av_google_map  avia-builder-el-no-sibling\" data-avia-form-id=\"1\" data-avia-redirect='' data-trp-original-action=\"https:\/\/www.padelspobresbcn.com\/es\/contacta\/\" ><h3 class=''>Contacto <\/h3><fieldset><p class='first_form  form_element form_fullwidth' id='element_avia_1_1'><label for=\"avia_1_1\">Nombre y apellido <abbr class=\"required\" title=\"requerido\">*<\/abbr><\/label> <input name=\"avia_1_1\" class=\"text_input is_empty\" type=\"text\" id=\"avia_1_1\" value=\"\" \/><\/p><p class='first_form  form_element form_fullwidth' id='element_avia_2_1'><label for=\"avia_2_1\">Tel\u00e9fono <abbr class=\"required\" title=\"requerido\">*<\/abbr><\/label> <input name=\"avia_2_1\" class=\"text_input is_empty\" type=\"text\" id=\"avia_2_1\" value=\"\" \/><\/p><p class='first_form  form_element form_fullwidth' id='element_avia_3_1'><label for=\"avia_3_1\">Mail<\/label> <input name=\"avia_3_1\" class=\"text_input\" type=\"text\" id=\"avia_3_1\" value=\"\" \/><\/p><p class='first_form  form_element form_fullwidth' id='element_avia_4_1'><label for=\"avia_4_1\">Asunto <abbr class=\"required\" title=\"requerido\">*<\/abbr><\/label> <input name=\"avia_4_1\" class=\"text_input is_empty\" type=\"text\" id=\"avia_4_1\" value=\"\" \/><\/p><p class='first_form  form_element form_fullwidth' id='element_avia_5_1'><label for=\"avia_5_1\" class=\"textare_label hidden textare_label_avia_5_1\">Mensaje <abbr class=\"required\" title=\"requerido\">*<\/abbr><\/label><textarea  name=\"avia_5_1\" class=\"text_area is_empty\" cols=\"40\" rows=\"7\" id=\"avia_5_1\" ><\/textarea><\/p><p class='first_form  form_element form_fullwidth' id='element_avia_6_1'><input  name=\"avia_6_1\" class=\"input_checkbox is_empty\" type=\"checkbox\" id=\"avia_6_1\" value=\"true\"\/><label class=\"input_checkbox_label\" for=\"avia_6_1\">He le\u00eddo y acepto la Pol\u00edtica de Privacidad. <abbr class=\"required\" title=\"requerido\">*<\/abbr><\/label><\/p><div id='avia_7_1' class='av-form-text'><p>\nCL\u00c1USULA RESUMEN POL\u00cdTICA DE PRIVACIDAD WEB<\/p>\n<p>Responsable del Tratamiento: Fundaci\u00f3n Pa dels Pobres Barcelona con CIF G56247554 y n\u00famero de Registro de Fundaciones 3.403, cuyo domicilio social se sit\u00faa en C\/ Calaf, 16, 08021, Barcelona.<\/p>\n<p>Finalidad del Tratamiento: -Dar respuesta a las solicitudes de informaci\u00f3n del usuario o interesado acerca de las actividades de la Fundaci\u00f3n a trav\u00e9s del sitio web.<\/p>\n<p>-Para gestionar los diferentes proyectos y atender las personas atendidas en el marco de los diferentes proyectos, una vez que acepten entrar a formar parte del mismo.<\/p>\n<p>-Gestionar las ayudas de voluntarios y donantes de la Fundaci\u00f3n, de conformidad con la normativa vigente<\/p>\n<p>-Para la gesti\u00f3n, administraci\u00f3n y contabilidad de las donaciones<\/p>\n<p>Comunicaciones comerciales: Solo le enviaremos comunicaciones, siempre que se sean de su inter\u00e9s, con su autorizaci\u00f3n previa, que podr\u00e1 facilitarnos mediante la casilla correspondiente establecida al efecto<\/p>\n<p>Base de legitimaci\u00f3n del tratamiento: El consentimiento del interesado, sea el que sea, obtenido mediante la aceptaci\u00f3n de la casilla correspondiente.<\/p>\n<p>Derechos en protecci\u00f3n de datos: Puede ejercer sus derechos de acceso, rectificaci\u00f3n, oposici\u00f3n, supresi\u00f3n, limitaci\u00f3n del tratamiento y portabilidad en el correo admin@padelspobresbcn.com. \u00a0En caso de entender que no se le atienden de manera adecuada, puede presentar una reclamaci\u00f3n ante la Agencia Espa\u00f1ola de Protecci\u00f3n de Datos (AEPD) https:\/\/www.aepd.es\/es.<\/p>\n<p>Informaci\u00f3n adicional<\/p>\n<p>M\u00e1s informaci\u00f3n en <a href=\"https:\/\/www.padelspobresbcn.com\/es\/politica-de-privacitat\/\">ENLACE A POL\u00cdTICA DE PRIVACIDAD<\/a><\/p>\n<\/div><p class=\"hidden\"><input type=\"text\" name=\"avia_8_1\" class=\"hidden\" id=\"avia_8_1\" value=\"\" \/><\/p><p class=\"form_element\"><input type=\"hidden\" value=\"1\" name=\"avia_generated_form1\" \/><input type=\"submit\" value=\"Enviar\" class=\"button\"  data-sending-label=\"Enviando\"\/><\/p><\/fieldset><input type=\"hidden\" name=\"trp-form-language\" value=\"es\"\/><\/form><div id=\"ajaxresponse_1\" class=\"ajaxresponse ajaxresponse_1 hidden\"><\/div><\/p>\n<div  class='av_gmaps_sc_main_wrap av_gmaps_main_wrap'><div id='av_gmap_0' class='avia-google-map-container avia-google-map-sc av_gmaps_show_unconditionally av-no-fallback-img' data-mapid='av_gmap_0'  style='height: 400px;'><a class=\"av_gmaps_browser_disabled av_text_confirm_link av_text_confirm_link_visible\" href=\"https:\/\/www.google.com\/maps\/search\/?api=1&#038;query=CALAF%2016,%20BAJOS%2008021%20Barcelona%20Barcelona%20Espa\u00f1a\" target=\"_blank\">Maps were disabled by the visitor on this site. Click to open the map in a new window.<\/a><\/div><\/div>","protected":false},"excerpt":{"rendered":"","protected":false},"author":1,"featured_media":0,"parent":0,"menu_order":45,"comment_status":"closed","ping_status":"closed","template":"","meta":{"footnotes":""},"class_list":["post-927","page","type-page","status-publish","hentry"],"aioseo_notices":[],"yoast_head":"<!-- This site is optimized with the Yoast SEO plugin v27.3 - https:\/\/yoast.com\/product\/yoast-seo-wordpress\/ -->\n<title>Contacta - Fundaci\u00f3n Pa dels Pobres Barcelona<\/title>\n<meta name=\"robots\" content=\"index, follow, max-snippet:-1, max-image-preview:large, max-video-preview:-1\" \/>\n<link rel=\"canonical\" href=\"https:\/\/www.padelspobresbcn.com\/es\/contacta\/\" \/>\n<meta property=\"og:locale\" content=\"es_ES\" \/>\n<meta property=\"og:type\" content=\"article\" \/>\n<meta property=\"og:title\" content=\"Contacta - Fundaci\u00f3n Pa dels Pobres Barcelona\" \/>\n<meta property=\"og:url\" content=\"https:\/\/www.padelspobresbcn.com\/es\/contacta\/\" \/>\n<meta property=\"og:site_name\" content=\"Fundaci\u00f3n Pa dels Pobres Barcelona\" \/>\n<meta property=\"article:modified_time\" content=\"2025-12-02T10:41:11+00:00\" \/>\n<meta name=\"twitter:card\" content=\"summary_large_image\" \/>\n<meta name=\"twitter:label1\" content=\"Tiempo de lectura\" \/>\n\t<meta name=\"twitter:data1\" content=\"2 minutos\" \/>\n<script type=\"application\/ld+json\" class=\"yoast-schema-graph\">{\"@context\":\"https:\\\/\\\/schema.org\",\"@graph\":[{\"@type\":\"WebPage\",\"@id\":\"https:\\\/\\\/www.padelspobresbcn.com\\\/contacta\\\/\",\"url\":\"https:\\\/\\\/www.padelspobresbcn.com\\\/contacta\\\/\",\"name\":\"Contacta - Fundaci\u00f3n Pa dels Pobres Barcelona\",\"isPartOf\":{\"@id\":\"https:\\\/\\\/www.padelspobresbcn.com\\\/#website\"},\"datePublished\":\"2024-09-24T15:35:09+00:00\",\"dateModified\":\"2025-12-02T10:41:11+00:00\",\"breadcrumb\":{\"@id\":\"https:\\\/\\\/www.padelspobresbcn.com\\\/contacta\\\/#breadcrumb\"},\"inLanguage\":\"es\",\"potentialAction\":[{\"@type\":\"ReadAction\",\"target\":[\"https:\\\/\\\/www.padelspobresbcn.com\\\/contacta\\\/\"]}]},{\"@type\":\"BreadcrumbList\",\"@id\":\"https:\\\/\\\/www.padelspobresbcn.com\\\/contacta\\\/#breadcrumb\",\"itemListElement\":[{\"@type\":\"ListItem\",\"position\":1,\"name\":\"Portada\",\"item\":\"https:\\\/\\\/www.padelspobresbcn.com\\\/\"},{\"@type\":\"ListItem\",\"position\":2,\"name\":\"Contacta\"}]},{\"@type\":\"WebSite\",\"@id\":\"https:\\\/\\\/www.padelspobresbcn.com\\\/#website\",\"url\":\"https:\\\/\\\/www.padelspobresbcn.com\\\/\",\"name\":\"Fundaci\u00f3n Pa dels Pobres Barcelona\",\"description\":\"padelspobresbcn.com\",\"potentialAction\":[{\"@type\":\"SearchAction\",\"target\":{\"@type\":\"EntryPoint\",\"urlTemplate\":\"https:\\\/\\\/www.padelspobresbcn.com\\\/?s={search_term_string}\"},\"query-input\":{\"@type\":\"PropertyValueSpecification\",\"valueRequired\":true,\"valueName\":\"search_term_string\"}}],\"inLanguage\":\"es\"}]}<\/script>\n<!-- \/ Yoast SEO plugin. -->","yoast_head_json":{"title":"Contacta - Fundaci\u00f3n Pa dels Pobres Barcelona","robots":{"index":"index","follow":"follow","max-snippet":"max-snippet:-1","max-image-preview":"max-image-preview:large","max-video-preview":"max-video-preview:-1"},"canonical":"https:\/\/www.padelspobresbcn.com\/es\/contacta\/","og_locale":"es_ES","og_type":"article","og_title":"Contacta - Fundaci\u00f3n Pa dels Pobres Barcelona","og_url":"https:\/\/www.padelspobresbcn.com\/es\/contacta\/","og_site_name":"Fundaci\u00f3n Pa dels Pobres Barcelona","article_modified_time":"2025-12-02T10:41:11+00:00","twitter_card":"summary_large_image","twitter_misc":{"Tiempo de lectura":"2 minutos"},"schema":{"@context":"https:\/\/schema.org","@graph":[{"@type":"WebPage","@id":"https:\/\/www.padelspobresbcn.com\/contacta\/","url":"https:\/\/www.padelspobresbcn.com\/contacta\/","name":"Contacta - Fundaci\u00f3n Pa dels Pobres Barcelona","isPartOf":{"@id":"https:\/\/www.padelspobresbcn.com\/#website"},"datePublished":"2024-09-24T15:35:09+00:00","dateModified":"2025-12-02T10:41:11+00:00","breadcrumb":{"@id":"https:\/\/www.padelspobresbcn.com\/contacta\/#breadcrumb"},"inLanguage":"es","potentialAction":[{"@type":"ReadAction","target":["https:\/\/www.padelspobresbcn.com\/contacta\/"]}]},{"@type":"BreadcrumbList","@id":"https:\/\/www.padelspobresbcn.com\/contacta\/#breadcrumb","itemListElement":[{"@type":"ListItem","position":1,"name":"Portada","item":"https:\/\/www.padelspobresbcn.com\/"},{"@type":"ListItem","position":2,"name":"Contacta"}]},{"@type":"WebSite","@id":"https:\/\/www.padelspobresbcn.com\/#website","url":"https:\/\/www.padelspobresbcn.com\/","name":"Fundaci\u00f3n Pa dels Pobres Barcelona","description":"padelspobresbcn.com","potentialAction":[{"@type":"SearchAction","target":{"@type":"EntryPoint","urlTemplate":"https:\/\/www.padelspobresbcn.com\/?s={search_term_string}"},"query-input":{"@type":"PropertyValueSpecification","valueRequired":true,"valueName":"search_term_string"}}],"inLanguage":"es"}]}},"_links":{"self":[{"href":"https:\/\/www.padelspobresbcn.com\/es\/wp-json\/wp\/v2\/pages\/927","targetHints":{"allow":["GET"]}}],"collection":[{"href":"https:\/\/www.padelspobresbcn.com\/es\/wp-json\/wp\/v2\/pages"}],"about":[{"href":"https:\/\/www.padelspobresbcn.com\/es\/wp-json\/wp\/v2\/types\/page"}],"author":[{"embeddable":true,"href":"https:\/\/www.padelspobresbcn.com\/es\/wp-json\/wp\/v2\/users\/1"}],"replies":[{"embeddable":true,"href":"https:\/\/www.padelspobresbcn.com\/es\/wp-json\/wp\/v2\/comments?post=927"}],"version-history":[{"count":3,"href":"https:\/\/www.padelspobresbcn.com\/es\/wp-json\/wp\/v2\/pages\/927\/revisions"}],"predecessor-version":[{"id":2003,"href":"https:\/\/www.padelspobresbcn.com\/es\/wp-json\/wp\/v2\/pages\/927\/revisions\/2003"}],"wp:attachment":[{"href":"https:\/\/www.padelspobresbcn.com\/es\/wp-json\/wp\/v2\/media?parent=927"}],"curies":[{"name":"wp","href":"https:\/\/api.w.org\/{rel}","templated":true}]}}